{"id":1798,"date":"2021-04-26T22:26:05","date_gmt":"2021-04-26T22:26:05","guid":{"rendered":"https:\/\/endlesssurf.com\/experiencia-do-consumidor\/"},"modified":"2022-11-11T00:08:48","modified_gmt":"2022-11-11T00:08:48","slug":"experiencia-do-consumidor","status":"publish","type":"page","link":"https:\/\/endlesssurf.com\/br\/experiencia-do-consumidor\/","title":{"rendered":"Experi\u00eancia do consumidor"},"content":{"rendered":"<section class=\"l-section wpb_row us_custom_a2ebcf45 height_medium full_height valign_top width_full\" id=\"row-video\"><div class=\"l-section-h i-cf\"><div class=\"g-cols vc_row via_flex valign_top type_default stacking_default\"><div class=\"vc_col-sm-12 wpb_column vc_column_container\"><div class=\"vc_column-inner\"><div class=\"wpb_wrapper\">[vc_page_indicator container=&#8221;35%|#row-video|&#8221;]\n\t\t\t<!-- START Guest Experience  Portuguese REVOLUTION SLIDER 6.7.41 --><p class=\"rs-p-wp-fix\"><\/p>\n\t\t\t<rs-module-wrap id=\"rev_slider_27_1_wrapper\" data-source=\"gallery\" style=\"visibility:hidden;background:transparent;padding:0;\">\n\t\t\t\t<rs-module id=\"rev_slider_27_1\" style=\"\" data-version=\"6.7.41\">\n\t\t\t\t\t<rs-slides style=\"overflow: hidden; position: absolute;\">\n\t\t\t\t\t\t<rs-slide style=\"position: absolute;\" data-key=\"rs-33\" data-title=\"Video\" data-anim=\"adpr:false;ms:500ms;\" data-in=\"o:0;\" data-out=\"a:false;\">\n\t\t\t\t\t\t\t<img decoding=\"async\" src=\"\/\/endlesssurf.com\/wp-content\/plugins\/revslider\/sr6\/assets\/assets\/dummy.png\" alt=\"\" title=\"Experi\u00eancia do consumidor\" class=\"rev-slidebg tp-rs-img rs-lazyload\" data-lazyload=\"\/\/endlesssurf.com\/wp-content\/plugins\/revslider\/sr6\/assets\/assets\/transparent.png\" data-parallax=\"14\" data-no-retina>\n\t\t\t\t\t\t\t<rs-bgvideo \n\t\t\t\t\t\t\t\tdata-video=\"w:100%;h:100%;nse:false;l:true;ptimer:false;vfc:true;\"\n\t\t\t\t\t\t\t\tdata-mp4=\"\/\/endlesssurfpro.wpengine.com\/wp-content\/uploads\/2020\/04\/EndlessSurf_Video-Hero.mp4\"\n\t\t\t\t\t\t\t><\/rs-bgvideo>\n<!--\n\t\t\t\t\t\t\t--><rs-layer\n\t\t\t\t\t\t\t\tid=\"slider-27-slide-33-layer-1\" \n\t\t\t\t\t\t\t\tdata-type=\"text\"\n\t\t\t\t\t\t\t\tdata-color=\"#ff6a13\"\n\t\t\t\t\t\t\t\tdata-xy=\"xo:533px,100px,100px,243px;y:m;yo:-172px,-172px,-130px,-119px;\"\n\t\t\t\t\t\t\t\tdata-text=\"w:normal;s:100,80,60,40;l:100,80,60,40;\"\n\t\t\t\t\t\t\t\tdata-rsp_o=\"off\"\n\t\t\t\t\t\t\t\tdata-rsp_bd=\"off\"\n\t\t\t\t\t\t\t\tdata-frame_0=\"sX:0.5;sY:0.5;blu:20px;\"\n\t\t\t\t\t\t\t\tdata-frame_1=\"e:power4.out;st:300;sp:1000;sR:300;\"\n\t\t\t\t\t\t\t\tdata-frame_999=\"o:0;st:w;sR:7700;\"\n\t\t\t\t\t\t\t\tstyle=\"z-index:10;font-family:'Anton';\"\n\t\t\t\t\t\t\t>EXPERI\u00caNCIAS<br \/>\n \n\t\t\t\t\t\t\t<\/rs-layer><!--\n\n\t\t\t\t\t\t\t--><rs-layer\n\t\t\t\t\t\t\t\tid=\"slider-27-slide-33-layer-2\" \n\t\t\t\t\t\t\t\tdata-type=\"text\"\n\t\t\t\t\t\t\t\tdata-xy=\"xo:200px,100px,100px,99px;y:m;yo:-68px,-68px,-130px,-76px;\"\n\t\t\t\t\t\t\t\tdata-text=\"w:normal;s:100,80,60,40;l:100,80,60,40;\"\n\t\t\t\t\t\t\t\tdata-rsp_o=\"off\"\n\t\t\t\t\t\t\t\tdata-rsp_bd=\"off\"\n\t\t\t\t\t\t\t\tdata-frame_0=\"sX:0.5;sY:0.5;blu:20px;\"\n\t\t\t\t\t\t\t\tdata-frame_1=\"e:power4.out;st:300;sp:1000;sR:300;\"\n\t\t\t\t\t\t\t\tdata-frame_999=\"o:0;st:w;sR:7700;\"\n\t\t\t\t\t\t\t\tstyle=\"z-index:10;font-family:'Anton';\"\n\t\t\t\t\t\t\t>DE SURF AUT\u00caNTICAS \n\t\t\t\t\t\t\t<\/rs-layer><!--\n\n\t\t\t\t\t\t\t--><rs-layer\n\t\t\t\t\t\t\t\tid=\"slider-27-slide-33-layer-4\" \n\t\t\t\t\t\t\t\tdata-type=\"text\"\n\t\t\t\t\t\t\t\tdata-xy=\"xo:200px,100px,100px,99px;y:m;yo:-172px,-172px,-130px,-119px;\"\n\t\t\t\t\t\t\t\tdata-text=\"w:normal;s:100,80,60,40;l:100,80,60,40;\"\n\t\t\t\t\t\t\t\tdata-rsp_o=\"off\"\n\t\t\t\t\t\t\t\tdata-rsp_bd=\"off\"\n\t\t\t\t\t\t\t\tdata-frame_0=\"sX:0.5;sY:0.5;blu:20px;\"\n\t\t\t\t\t\t\t\tdata-frame_1=\"e:power4.out;st:300;sp:1000;sR:300;\"\n\t\t\t\t\t\t\t\tdata-frame_999=\"o:0;st:w;sR:7700;\"\n\t\t\t\t\t\t\t\tstyle=\"z-index:10;font-family:'Anton';\"\n\t\t\t\t\t\t\t>CRIANDO \n\t\t\t\t\t\t\t<\/rs-layer><!--\n\n\t\t\t\t\t\t\t--><rs-layer\n\t\t\t\t\t\t\t\tid=\"slider-27-slide-33-layer-5\" \n\t\t\t\t\t\t\t\tdata-type=\"text\"\n\t\t\t\t\t\t\t\tdata-xy=\"xo:200px,100px,100px,100px;y:m;yo:59px,59px,30px,28px;\"\n\t\t\t\t\t\t\t\tdata-text=\"w:normal;s:17,17,15,13;l:30,30,25,20;\"\n\t\t\t\t\t\t\t\tdata-dim=\"w:632px,632px,400px,212px;\"\n\t\t\t\t\t\t\t\tdata-rsp_o=\"off\"\n\t\t\t\t\t\t\t\tdata-rsp_bd=\"off\"\n\t\t\t\t\t\t\t\tdata-margin=\"t:0,40,30,20;\"\n\t\t\t\t\t\t\t\tdata-frame_0=\"sX:0.5;sY:0.5;blu:20px;\"\n\t\t\t\t\t\t\t\tdata-frame_1=\"e:power4.out;st:350;sp:1000;sR:350;\"\n\t\t\t\t\t\t\t\tdata-frame_999=\"o:0;st:w;sR:7650;\"\n\t\t\t\t\t\t\t\tstyle=\"z-index:9;font-family:'Montserrat';\"\n\t\t\t\t\t\t\t>Dentro e fora da \u00e1gua, ajudamos a criar uma experi\u00eancia aut\u00eantica para acompanhar o surf. Nossa vis\u00e3o \u00e9 elaborada a partir de nosso desejo de atrair visitantes de todas as idades, habilidades e origens de todos os cantos do planeta para compartilhar a emo\u00e7\u00e3o do surf. \n\t\t\t\t\t\t\t<\/rs-layer><!--\n\n\t\t\t\t\t\t\t--><rs-layer\n\t\t\t\t\t\t\t\tid=\"slider-27-slide-33-layer-11\" \n\t\t\t\t\t\t\t\tdata-type=\"shape\"\n\t\t\t\t\t\t\t\tdata-rsp_ch=\"on\"\n\t\t\t\t\t\t\t\tdata-xy=\"yo:1px,0,0,0;\"\n\t\t\t\t\t\t\t\tdata-text=\"w:normal;s:20,16,12,7;l:0,20,15,9;\"\n\t\t\t\t\t\t\t\tdata-dim=\"w:100%;h:100%;\"\n\t\t\t\t\t\t\t\tdata-basealign=\"slide\"\n\t\t\t\t\t\t\t\tdata-frame_1=\"e:power2.inOut;sp:500;\"\n\t\t\t\t\t\t\t\tdata-frame_999=\"o:0;e:power2.inOut;st:w;sp:500;sR:8500;\"\n\t\t\t\t\t\t\t\tstyle=\"z-index:6;background-color:rgba(0,0,0,0.28);\"\n\t\t\t\t\t\t\t> \n\t\t\t\t\t\t\t<\/rs-layer><!--\n-->\t\t\t\t\t<\/rs-slide>\n\t\t\t\t\t<\/rs-slides>\n\t\t\t\t<\/rs-module>\n\t\t\t\t<script>\n\t\t\t\t\tsetREVStartSize({c: 'rev_slider_27_1',rl:[1240,1024,778,480],el:[630,570,472,351.997],gw:[1240,1024,778,480],gh:[630,570,472,352],type:'hero',justify:'',layout:'fullscreen',offsetContainer:'#page-header',offset:'',mh:\"600px\"});if (window.RS_MODULES!==undefined && window.RS_MODULES.modules!==undefined && window.RS_MODULES.modules[\"revslider271\"]!==undefined) {window.RS_MODULES.modules[\"revslider271\"].once = false;window.revapi27 = undefined;if (window.RS_MODULES.checkMinimal!==undefined) window.RS_MODULES.checkMinimal()}\n\t\t\t\t<\/script>\n\t\t\t<\/rs-module-wrap>\n\t\t\t<!-- END REVOLUTION SLIDER -->\n<\/div><\/div><\/div><\/div><\/div><\/section><section class=\"l-section wpb_row us_custom_0b64a438 height_medium\" id=\"row-technology\"><div class=\"l-section-h i-cf\"><div class=\"g-cols vc_row via_flex valign_top type_default stacking_default\"><div class=\"vc_col-sm-12 wpb_column vc_column_container\"><div class=\"vc_column-inner\"><div class=\"wpb_wrapper\"><div class=\"w-image us_custom_81d82e02 align_center\"><div class=\"w-image-h\"><img decoding=\"async\" width=\"2560\" height=\"1707\" src=\"https:\/\/endlesssurf.com\/wp-content\/uploads\/2021\/04\/shutterstock_95002702-scaled.jpg\" class=\"attachment-full size-full\" alt=\"\" loading=\"lazy\" srcset=\"https:\/\/endlesssurf.com\/wp-content\/uploads\/2021\/04\/shutterstock_95002702-scaled.jpg 2560w, https:\/\/endlesssurf.com\/wp-content\/uploads\/2021\/04\/shutterstock_95002702-300x200.jpg 300w, https:\/\/endlesssurf.com\/wp-content\/uploads\/2021\/04\/shutterstock_95002702-1024x683.jpg 1024w, https:\/\/endlesssurf.com\/wp-content\/uploads\/2021\/04\/shutterstock_95002702-1536x1024.jpg 1536w, https:\/\/endlesssurf.com\/wp-content\/uploads\/2021\/04\/shutterstock_95002702-2048x1365.jpg 2048w\" sizes=\"auto, (max-width: 2560px) 100vw, 2560px\" \/><\/div><\/div><\/div><\/div><\/div><\/div><\/div><\/section><section class=\"l-section wpb_row us_custom_0b64a438 height_medium\"><div class=\"l-section-h i-cf\"><div class=\"g-cols vc_row via_flex valign_top type_default stacking_default\"><div class=\"vc_col-sm-12 wpb_column vc_column_container\"><div class=\"vc_column-inner\"><div class=\"wpb_wrapper\">[vc_custom_heading text=&#8221;UMA COMPLETA EXPERI\u00caNCIA DE SURF&#8221; font_container=&#8221;tag:h2|text_align:center&#8221; use_theme_fonts=&#8221;yes&#8221;]<div class=\"w-separator size_small with_line width_default thick_1 style_solid color_primary align_center\"><div class=\"w-separator-h\"><\/div><\/div><div class=\"wpb_text_column\"><div class=\"wpb_wrapper\"><p style=\"text-align: center;\">Esteja perto ou longe da praia, o estilo de vida do surfe \u00e9 aspiracional com uma demanda sem fronteiras que s\u00f3 aumenta. Criar a pr\u00f3xima gera\u00e7\u00e3o de Surf Parks est\u00e1 no potencial de criar experi\u00eancias de surf aut\u00eanticas, que v\u00e3o al\u00e9m das ondas. Ao projetar o local de surf perfeito, mantemos a experi\u00eancia do consumidor em mente para garantir que eles possam:<\/p>\n<\/div><\/div><\/div><\/div><\/div><\/div><\/div><\/section><section class=\"l-section wpb_row us_custom_4af741be height_medium\"><div class=\"l-section-h i-cf\"><div class=\"g-cols vc_row via_flex valign_top type_default stacking_default\"><div class=\"vc_col-sm-6 wpb_column vc_column_container\"><div class=\"vc_column-inner\"><div class=\"wpb_wrapper\"><h2 class=\"w-itext type_fadeIn align_center\" style=\"--itext-dynamic-color:#00B5E2;--itext-transition-duration:0.3s;--itext-timing-function:cubic-bezier(.86,0,.07,1);\" onclick='return {&quot;duration&quot;:300,&quot;delay&quot;:1000}'><span class=\"w-itext-part\"><span class=\"w-itext-state state-0 is-active\">SURFAR<\/span><span class=\"w-itext-state state-1\">FICAR<\/span><span class=\"w-itext-state state-2\">CONSUMIR<\/span><\/span><\/h2><div class=\"w-separator size_small\"><\/div><div class=\"w-separator size_small\"><\/div><div class=\"wpb_text_column\"><div class=\"wpb_wrapper\"><h6 style=\"text-align: center;\">Uma onda que oferece tanta variedade quanto o oceano<\/h6>\n<h6 style=\"text-align: center;\">Uma comunidade que se identifica com o estilo de vida<\/h6>\n<h6 style=\"text-align: center;\">Um local que atrai as pessoas para curtir o visual<\/h6>\n<\/div><\/div><\/div><\/div><\/div><div class=\"vc_col-sm-6 wpb_column vc_column_container\"><div class=\"vc_column-inner\"><div class=\"wpb_wrapper\"><div class=\"w-image align_center us_animate_afc\"><div class=\"w-image-h\"><img decoding=\"async\" width=\"300\" height=\"279\" src=\"https:\/\/endlesssurf.com\/wp-content\/uploads\/2021\/04\/360-Website-graphic-300x279.png\" class=\"attachment-medium size-medium\" alt=\"\" loading=\"lazy\" srcset=\"https:\/\/endlesssurf.com\/wp-content\/uploads\/2021\/04\/360-Website-graphic-300x279.png 300w, https:\/\/endlesssurf.com\/wp-content\/uploads\/2021\/04\/360-Website-graphic-1024x954.png 1024w, https:\/\/endlesssurf.com\/wp-content\/uploads\/2021\/04\/360-Website-graphic.png 1169w\" sizes=\"auto, (max-width: 300px) 100vw, 300px\" \/><\/div><\/div><div class=\"w-separator size_small\"><\/div><div class=\"w-separator size_small\"><\/div><\/div><\/div><\/div><\/div><\/div><\/section><section class=\"l-section wpb_row us_custom_0b64a438 height_medium\"><div class=\"l-section-h i-cf\"><div class=\"g-cols vc_row via_flex valign_top type_default stacking_default\"><div class=\"vc_col-sm-4 wpb_column vc_column_container\"><div class=\"vc_column-inner\"><div class=\"wpb_wrapper\"><div class=\"w-image align_none\"><div class=\"w-image-h\"><img decoding=\"async\" width=\"1024\" height=\"1024\" src=\"https:\/\/endlesssurf.com\/wp-content\/uploads\/2022\/02\/EndlessSurf_InfographicResize_V3-04-1024x1024.jpg\" class=\"attachment-large size-large\" alt=\"\" loading=\"lazy\" srcset=\"https:\/\/endlesssurf.com\/wp-content\/uploads\/2022\/02\/EndlessSurf_InfographicResize_V3-04-1024x1024.jpg 1024w, https:\/\/endlesssurf.com\/wp-content\/uploads\/2022\/02\/EndlessSurf_InfographicResize_V3-04-300x300.jpg 300w, https:\/\/endlesssurf.com\/wp-content\/uploads\/2022\/02\/EndlessSurf_InfographicResize_V3-04-150x150.jpg 150w\" sizes=\"auto, (max-width: 1024px) 100vw, 1024px\" \/><\/div><\/div><div class=\"w-separator size_small\"><\/div><div class=\"wpb_text_column\"><div class=\"wpb_wrapper\"><p style=\"text-align: center;\">A piscina Endless Surf \u00e9 a atra\u00e7\u00e3o principal. Ondas perfeitas v\u00eam em v\u00e1rias formas e tamanhos, e s\u00e3o desenvolvidas para surfistas de diferentes n\u00edveis &#8211; experientes e iniciantes &#8211; para uma experi\u00eancia inesquec\u00edvel. A contagem de ondas \u00e9 alta com o Endless Surf e a onda do surf est\u00e1 espalhada por toda extens\u00e3o da piscina. Com zonas de observa\u00e7\u00e3o localizadas nas paredes traseiras a poucos metros da onda dos profissionais, mesmo quem n\u00e3o surfa pode sentir a emo\u00e7\u00e3o como se fizesse parte da onda. Sem dizer que as oportunidades para fotos e v\u00eddeos s\u00e3o sempre altas, com visualiza\u00e7\u00f5es ininterruptas e em close!<\/p>\n<\/div><\/div><\/div><\/div><\/div><div class=\"vc_col-sm-4 wpb_column vc_column_container\"><div class=\"vc_column-inner\"><div class=\"wpb_wrapper\"><div class=\"w-image align_none\"><div class=\"w-image-h\"><img decoding=\"async\" width=\"1024\" height=\"1024\" src=\"https:\/\/endlesssurf.com\/wp-content\/uploads\/2022\/02\/EndlessSurf_InfographicResize_V3-05-1024x1024.jpg\" class=\"attachment-large size-large\" alt=\"\" loading=\"lazy\" srcset=\"https:\/\/endlesssurf.com\/wp-content\/uploads\/2022\/02\/EndlessSurf_InfographicResize_V3-05-1024x1024.jpg 1024w, https:\/\/endlesssurf.com\/wp-content\/uploads\/2022\/02\/EndlessSurf_InfographicResize_V3-05-300x300.jpg 300w, https:\/\/endlesssurf.com\/wp-content\/uploads\/2022\/02\/EndlessSurf_InfographicResize_V3-05-150x150.jpg 150w\" sizes=\"auto, (max-width: 1024px) 100vw, 1024px\" \/><\/div><\/div><div class=\"w-separator size_small\"><\/div><div class=\"wpb_text_column\"><div class=\"wpb_wrapper\"><p style=\"text-align: center;\">Com a tecnologia da piscina incompar\u00e1vel e com a forma e design mais naturais do mercado, a praia e cal\u00e7ad\u00e3o Endless Surf est\u00e1 t\u00e3o perto da autenticidade do oceano quanto as piscinas feitas pelo homem. Que melhor maneira de terminar uma sess\u00e3o de surf do que relaxando na praia com seus amigos e sua bebida favorita na m\u00e3o? Lugar para simplesmente relaxar ou contar as ondas. Ficar entre amigos e familia na praia apreciando o visual espetacular.<\/p>\n<\/div><\/div><\/div><\/div><\/div><div class=\"vc_col-sm-4 wpb_column vc_column_container\"><div class=\"vc_column-inner\"><div class=\"wpb_wrapper\"><div class=\"w-image align_none\"><div class=\"w-image-h\"><img decoding=\"async\" width=\"1024\" height=\"1024\" src=\"https:\/\/endlesssurf.com\/wp-content\/uploads\/2022\/02\/EndlessSurf_InfographicResize_V3-06-1024x1024.jpg\" class=\"attachment-large size-large\" alt=\"\" loading=\"lazy\" srcset=\"https:\/\/endlesssurf.com\/wp-content\/uploads\/2022\/02\/EndlessSurf_InfographicResize_V3-06-1024x1024.jpg 1024w, https:\/\/endlesssurf.com\/wp-content\/uploads\/2022\/02\/EndlessSurf_InfographicResize_V3-06-300x300.jpg 300w, https:\/\/endlesssurf.com\/wp-content\/uploads\/2022\/02\/EndlessSurf_InfographicResize_V3-06-150x150.jpg 150w\" sizes=\"auto, (max-width: 1024px) 100vw, 1024px\" \/><\/div><\/div><div class=\"w-separator size_small\"><\/div><div class=\"wpb_text_column\"><div class=\"wpb_wrapper\"><p style=\"text-align: center;\">Oferecer a experi\u00eancia de surfe para al\u00e9m da onda \u00e9 uma considera\u00e7\u00e3o importante de design que incorporamos intencionalmente ao nosso design. Com 360 graus de potencial de entretenimento em torno de nossa \u00e1rea de piscina compacta, podemos ajud\u00e1-lo a projetar e preencher esses espa\u00e7os com comodidades que aumentar\u00e3o a dura\u00e7\u00e3o da estadia, como varejo, alimentos e bebidas, experi\u00eancias adicionais etc. Afinal, nenhuma cidade de surf seria completo sem um cal\u00e7ad\u00e3o para cruzar quando toda a fam\u00edlia est\u00e1 surfando.<\/p>\n<\/div><\/div><\/div><\/div><\/div><\/div><\/div><\/section><section class=\"l-section wpb_row height_medium\"><div class=\"l-section-h i-cf\"><div class=\"g-cols vc_row via_flex valign_top type_default stacking_default\"><div class=\"vc_col-sm-12 wpb_column vc_column_container\"><div class=\"vc_column-inner\"><div class=\"wpb_wrapper\"><div class=\"w-image align_center\"><div class=\"w-image-h\"><img decoding=\"async\" width=\"1080\" height=\"607\" src=\"https:\/\/endlesssurf.com\/wp-content\/uploads\/2021\/10\/1.jpg\" class=\"attachment-full size-full\" alt=\"Surf Park Industry venue on the Gold Coast of Australia\" loading=\"lazy\" srcset=\"https:\/\/endlesssurf.com\/wp-content\/uploads\/2021\/10\/1.jpg 1080w, https:\/\/endlesssurf.com\/wp-content\/uploads\/2021\/10\/1-300x169.jpg 300w, https:\/\/endlesssurf.com\/wp-content\/uploads\/2021\/10\/1-1024x576.jpg 1024w\" sizes=\"auto, (max-width: 1080px) 100vw, 1080px\" \/><\/div><\/div><div class=\"w-actionbox us_custom_f5c8d72b color_primary controls_right\"><div class=\"w-actionbox-text\"><h2 class=\"w-actionbox-title\">O SURF COMO ATRA\u00c7\u00c3O PRINCIPAL ABRE GRANDES OPORTUNIDADE AO SEU ENTORNO<\/h2><div class=\"w-actionbox-description\"><p>Experi\u00eancias aut\u00eanticas de surf come\u00e7am com a onda, mas v\u00e3o muito al\u00e9m do lineup e entram no entorno de seu local. Nossa equipe especializada de arquitetos paisagistas projetou locais emblem\u00e1ticos para algumas das marcas mais reconhecidas do mundo.<\/p>\n<\/div><\/div><div class=\"w-actionbox-controls\"><a class=\"w-btn us-btn-style_1\" title=\"Venue Design\" href=\"https:\/\/endlesssurf.com\/br\/projeto-do-local\/\"><span class=\"w-btn-label\">LEIA COMO FAZEMOS O DESIGN DE NOSSAS ATRA\u00c7\u00d5ES<\/span><\/a><\/div><\/div><div class=\"wpb_text_column\"><div class=\"wpb_wrapper\"><p style=\"text-align: center;\"><em>Renderiza\u00e7\u00e3o arquitet\u00f4nica do The Club at Parkwood Village, Gold Coast, Austr\u00e1lia<\/em><\/p>\n<\/div><\/div><\/div><\/div><\/div><\/div><\/div><\/section>\n","protected":false},"excerpt":{"rendered":"[vc_page_indicator container=\"35%|#row-video|\"] EXPERI\u00caNCIAS DE SURF AUT\u00caNTICAS CRIANDO Dentro e fora da \u00e1gua, ajudamos a criar uma experi\u00eancia aut\u00eantica para acompanhar o surf. Nossa vis\u00e3o \u00e9 elaborada a partir de nosso desejo de atrair visitantes de todas as idades, habilidades e origens de todos os cantos do planeta para compartilhar a emo\u00e7\u00e3o do surf. [vc_custom_heading text=\"UMA...","protected":false},"author":11,"featured_media":0,"parent":0,"menu_order":0,"comment_status":"closed","ping_status":"closed","template":"","meta":{"_acf_changed":false,"footnotes":""},"class_list":["post-1798","page","type-page","status-publish","hentry"],"acf":[],"yoast_head":"<!-- This site is optimized with the Yoast SEO Premium plugin v24.4 (Yoast SEO v27.3) - https:\/\/yoast.com\/product\/yoast-seo-premium-wordpress\/ -->\n<title>Experi\u00eancia do consumidor | Endless Surf | Shaping the surf park industry<\/title>\n<meta name=\"description\" content=\"We have big plans to shape the surf park industry, Experience the joy of catching a wave, and connect with surf culture and lifestyle.\" \/>\n<meta name=\"robots\" content=\"index, follow, max-snippet:-1, max-image-preview:large, max-video-preview:-1\" \/>\n<link rel=\"canonical\" href=\"https:\/\/endlesssurf.com\/br\/experiencia-do-consumidor\/\" \/>\n<meta property=\"og:locale\" content=\"en_US\" \/>\n<meta property=\"og:type\" content=\"article\" \/>\n<meta property=\"og:title\" content=\"Shaping the surf park industry!\" \/>\n<meta property=\"og:url\" content=\"https:\/\/endlesssurf.com\/br\/experiencia-do-consumidor\/\" \/>\n<meta property=\"og:site_name\" content=\"Endless Surf\" \/>\n<meta property=\"article:publisher\" content=\"https:\/\/facebook.com\/endlesssurfofficial\" \/>\n<meta property=\"article:modified_time\" content=\"2022-11-11T00:08:48+00:00\" \/>\n<meta property=\"og:image\" content=\"https:\/\/endlesssurf.com\/wp-content\/uploads\/2020\/05\/endless-surf-social.png\" \/>\n<meta name=\"twitter:card\" content=\"summary_large_image\" \/>\n<meta name=\"twitter:title\" content=\"Experi\u00eancia do consumidor\" \/>\n<meta name=\"twitter:site\" content=\"@endlesssurfpool\" \/>\n<meta name=\"twitter:label1\" content=\"Est. reading time\" \/>\n\t<meta name=\"twitter:data1\" content=\"4 minutes\" \/>\n<script type=\"application\/ld+json\" class=\"yoast-schema-graph\">{\"@context\":\"https:\\\/\\\/schema.org\",\"@graph\":[{\"@type\":\"WebPage\",\"@id\":\"https:\\\/\\\/endlesssurf.com\\\/br\\\/experiencia-do-consumidor\\\/\",\"url\":\"https:\\\/\\\/endlesssurf.com\\\/br\\\/experiencia-do-consumidor\\\/\",\"name\":\"Experi\u00eancia do consumidor | Endless Surf | Shaping the surf park industry\",\"isPartOf\":{\"@id\":\"https:\\\/\\\/endlesssurf.com\\\/br\\\/#website\"},\"datePublished\":\"2021-04-26T22:26:05+00:00\",\"dateModified\":\"2022-11-11T00:08:48+00:00\",\"description\":\"We have big plans to shape the surf park industry, Experience the joy of catching a wave, and connect with surf culture and lifestyle.\",\"breadcrumb\":{\"@id\":\"https:\\\/\\\/endlesssurf.com\\\/br\\\/experiencia-do-consumidor\\\/#breadcrumb\"},\"inLanguage\":\"brazil\",\"potentialAction\":[{\"@type\":\"ReadAction\",\"target\":[\"https:\\\/\\\/endlesssurf.com\\\/br\\\/experiencia-do-consumidor\\\/\"]}]},{\"@type\":\"BreadcrumbList\",\"@id\":\"https:\\\/\\\/endlesssurf.com\\\/br\\\/experiencia-do-consumidor\\\/#breadcrumb\",\"itemListElement\":[{\"@type\":\"ListItem\",\"position\":1,\"name\":\"Home\",\"item\":\"https:\\\/\\\/endlesssurf.com\\\/br\\\/\"},{\"@type\":\"ListItem\",\"position\":2,\"name\":\"Experi\u00eancia do consumidor\"}]},{\"@type\":\"WebSite\",\"@id\":\"https:\\\/\\\/endlesssurf.com\\\/br\\\/#website\",\"url\":\"https:\\\/\\\/endlesssurf.com\\\/br\\\/\",\"name\":\"Endless Surf\",\"description\":\"Shaping the future of surf park technology\",\"publisher\":{\"@id\":\"https:\\\/\\\/endlesssurf.com\\\/br\\\/#organization\"},\"potentialAction\":[{\"@type\":\"SearchAction\",\"target\":{\"@type\":\"EntryPoint\",\"urlTemplate\":\"https:\\\/\\\/endlesssurf.com\\\/br\\\/?s={search_term_string}\"},\"query-input\":{\"@type\":\"PropertyValueSpecification\",\"valueRequired\":true,\"valueName\":\"search_term_string\"}}],\"inLanguage\":\"brazil\"},{\"@type\":\"Organization\",\"@id\":\"https:\\\/\\\/endlesssurf.com\\\/br\\\/#organization\",\"name\":\"Endless Surf\",\"url\":\"https:\\\/\\\/endlesssurf.com\\\/br\\\/\",\"logo\":{\"@type\":\"ImageObject\",\"inLanguage\":\"brazil\",\"@id\":\"https:\\\/\\\/endlesssurf.com\\\/br\\\/#\\\/schema\\\/logo\\\/image\\\/\",\"url\":\"https:\\\/\\\/endlesssurf.com\\\/wp-content\\\/uploads\\\/2020\\\/05\\\/Screen-Shot-2020-05-18-at-4.38.08-PM.png\",\"contentUrl\":\"https:\\\/\\\/endlesssurf.com\\\/wp-content\\\/uploads\\\/2020\\\/05\\\/Screen-Shot-2020-05-18-at-4.38.08-PM.png\",\"width\":590,\"height\":452,\"caption\":\"Endless Surf\"},\"image\":{\"@id\":\"https:\\\/\\\/endlesssurf.com\\\/br\\\/#\\\/schema\\\/logo\\\/image\\\/\"},\"sameAs\":[\"https:\\\/\\\/facebook.com\\\/endlesssurfofficial\",\"https:\\\/\\\/x.com\\\/endlesssurfpool\",\"https:\\\/\\\/instagram.com\\\/endlesssurfofficial\",\"https:\\\/\\\/www.linkedin.com\\\/company\\\/endlesssurf\"]}]}<\/script>\n<!-- \/ Yoast SEO Premium plugin. -->","yoast_head_json":{"title":"Experi\u00eancia do consumidor | Endless Surf | Shaping the surf park industry","description":"We have big plans to shape the surf park industry, Experience the joy of catching a wave, and connect with surf culture and lifestyle.","robots":{"index":"index","follow":"follow","max-snippet":"max-snippet:-1","max-image-preview":"max-image-preview:large","max-video-preview":"max-video-preview:-1"},"canonical":"https:\/\/endlesssurf.com\/br\/experiencia-do-consumidor\/","og_locale":"en_US","og_type":"article","og_title":"Shaping the surf park industry!","og_url":"https:\/\/endlesssurf.com\/br\/experiencia-do-consumidor\/","og_site_name":"Endless Surf","article_publisher":"https:\/\/facebook.com\/endlesssurfofficial","article_modified_time":"2022-11-11T00:08:48+00:00","og_image":[{"url":"https:\/\/endlesssurf.com\/wp-content\/uploads\/2020\/05\/endless-surf-social.png","type":"","width":"","height":""}],"twitter_card":"summary_large_image","twitter_title":"Experi\u00eancia do consumidor","twitter_site":"@endlesssurfpool","twitter_misc":{"Est. reading time":"4 minutes"},"schema":{"@context":"https:\/\/schema.org","@graph":[{"@type":"WebPage","@id":"https:\/\/endlesssurf.com\/br\/experiencia-do-consumidor\/","url":"https:\/\/endlesssurf.com\/br\/experiencia-do-consumidor\/","name":"Experi\u00eancia do consumidor | Endless Surf | Shaping the surf park industry","isPartOf":{"@id":"https:\/\/endlesssurf.com\/br\/#website"},"datePublished":"2021-04-26T22:26:05+00:00","dateModified":"2022-11-11T00:08:48+00:00","description":"We have big plans to shape the surf park industry, Experience the joy of catching a wave, and connect with surf culture and lifestyle.","breadcrumb":{"@id":"https:\/\/endlesssurf.com\/br\/experiencia-do-consumidor\/#breadcrumb"},"inLanguage":"brazil","potentialAction":[{"@type":"ReadAction","target":["https:\/\/endlesssurf.com\/br\/experiencia-do-consumidor\/"]}]},{"@type":"BreadcrumbList","@id":"https:\/\/endlesssurf.com\/br\/experiencia-do-consumidor\/#breadcrumb","itemListElement":[{"@type":"ListItem","position":1,"name":"Home","item":"https:\/\/endlesssurf.com\/br\/"},{"@type":"ListItem","position":2,"name":"Experi\u00eancia do consumidor"}]},{"@type":"WebSite","@id":"https:\/\/endlesssurf.com\/br\/#website","url":"https:\/\/endlesssurf.com\/br\/","name":"Endless Surf","description":"Shaping the future of surf park technology","publisher":{"@id":"https:\/\/endlesssurf.com\/br\/#organization"},"potentialAction":[{"@type":"SearchAction","target":{"@type":"EntryPoint","urlTemplate":"https:\/\/endlesssurf.com\/br\/?s={search_term_string}"},"query-input":{"@type":"PropertyValueSpecification","valueRequired":true,"valueName":"search_term_string"}}],"inLanguage":"brazil"},{"@type":"Organization","@id":"https:\/\/endlesssurf.com\/br\/#organization","name":"Endless Surf","url":"https:\/\/endlesssurf.com\/br\/","logo":{"@type":"ImageObject","inLanguage":"brazil","@id":"https:\/\/endlesssurf.com\/br\/#\/schema\/logo\/image\/","url":"https:\/\/endlesssurf.com\/wp-content\/uploads\/2020\/05\/Screen-Shot-2020-05-18-at-4.38.08-PM.png","contentUrl":"https:\/\/endlesssurf.com\/wp-content\/uploads\/2020\/05\/Screen-Shot-2020-05-18-at-4.38.08-PM.png","width":590,"height":452,"caption":"Endless Surf"},"image":{"@id":"https:\/\/endlesssurf.com\/br\/#\/schema\/logo\/image\/"},"sameAs":["https:\/\/facebook.com\/endlesssurfofficial","https:\/\/x.com\/endlesssurfpool","https:\/\/instagram.com\/endlesssurfofficial","https:\/\/www.linkedin.com\/company\/endlesssurf"]}]}},"_links":{"self":[{"href":"https:\/\/endlesssurf.com\/br\/wp-json\/wp\/v2\/pages\/1798","targetHints":{"allow":["GET"]}}],"collection":[{"href":"https:\/\/endlesssurf.com\/br\/wp-json\/wp\/v2\/pages"}],"about":[{"href":"https:\/\/endlesssurf.com\/br\/wp-json\/wp\/v2\/types\/page"}],"author":[{"embeddable":true,"href":"https:\/\/endlesssurf.com\/br\/wp-json\/wp\/v2\/users\/11"}],"replies":[{"embeddable":true,"href":"https:\/\/endlesssurf.com\/br\/wp-json\/wp\/v2\/comments?post=1798"}],"version-history":[{"count":0,"href":"https:\/\/endlesssurf.com\/br\/wp-json\/wp\/v2\/pages\/1798\/revisions"}],"wp:attachment":[{"href":"https:\/\/endlesssurf.com\/br\/wp-json\/wp\/v2\/media?parent=1798"}],"curies":[{"name":"wp","href":"https:\/\/api.w.org\/{rel}","templated":true}]}}